{"id":7569,"date":"2021-06-30T13:00:21","date_gmt":"2021-06-30T11:00:21","guid":{"rendered":"https:\/\/www.bostekomasaje.com\/2026\/inicio\/"},"modified":"2026-02-03T16:58:19","modified_gmt":"2026-02-03T15:58:19","slug":"inicio","status":"publish","type":"page","link":"https:\/\/www.bostekomasaje.com\/eu\/","title":{"rendered":"Inicio"},"content":{"rendered":"\t\t<div data-elementor-type=\"wp-page\" data-elementor-id=\"7569\" class=\"elementor elementor-7569 elementor-1013\">\n\t\t\t\t\t\t<section class=\"elementor-section elementor-top-section elementor-element elementor-element-48e1b4d elementor-section-full_width elementor-section-height-default elementor-section-height-default qodef-elementor-content-no\" data-id=\"48e1b4d\" data-element_type=\"section\">\n\t\t\t\t\t\t<div class=\"elementor-container elementor-column-gap-default\">\n\t\t\t\t\t<div class=\"elementor-column elementor-col-100 elementor-top-column elementor-element elementor-element-91f062f\" data-id=\"91f062f\" data-element_type=\"column\">\n\t\t\t<div class=\"elementor-widget-wrap elementor-element-populated\">\n\t\t\t\t\t\t<div class=\"elementor-element elementor-element-59417ac elementor-widget elementor-widget-slider_revolution\" data-id=\"59417ac\" data-element_type=\"widget\" data-widget_type=\"slider_revolution.default\">\n\t\t\t\t\t\n\t\t<div class=\"wp-block-themepunch-revslider\">\n\t\t\t\t<p class=\"rs-p-wp-fix\"><\/p>\n\t\t\t\t<sr7-module data-alias=\"beauty-spa\" data-id=\"1\" id=\"SR7_1_1\" class=\"rs-ov-hidden\" data-version=\"6.7.35\">\n\t\t\t\t\t<sr7-adjuster><\/sr7-adjuster>\n\t\t\t\t\t<sr7-content>\n\t\t\t\t\t\t<sr7-slide id=\"SR7_1_1-1\" data-key=\"1\">\n\t\t\t\t\t\t\t<sr7-bg id=\"SR7_1_1-1-5\" class=\"sr7-layer\"><noscript><img decoding=\"async\" src=\"https:\/\/www.bostekomasaje.com\/wp-content\/uploads\/2026\/01\/slider1.jpg\" alt=\"\" title=\"slider1\"><\/noscript><\/sr7-bg>\n\t\t\t\t\t\t\t<sr7-txt id=\"SR7_1_1-1-0\" class=\"sr7-layer\">Un espacio de bienestar donde el masaje forma parte de tu cuidado f\u00edsico habitual.<\/sr7-txt>\n\t\t\t\t\t\t\t<sr7-txt id=\"SR7_1_1-1-4\" class=\"sr7-layer\" srscsrc><a class=\"qodef-shortcode qodef-m qodef-button qodef-layout--circled qodef-html--link\" href=\"https:\/\/www.bostekomasaje.com\/servicios\/\" target=\"_self\"  >\n\t<span class=\"qodef-m-text\">Servicios<\/span>\n    <svg class=\"qodef-m-video-button-svg\" xmlns=\"http:\/\/www.w3.org\/2000\/svg\" xmlns:xlink=\"http:\/\/www.w3.org\/1999\/xlink\" x=\"0px\" y=\"0px\" viewBox=\"101.834 -116.834 218.75 218.917\" enable-background=\"new 101.834 -116.834 218.75 218.917\" xml:space=\"preserve\"><polygon stroke-linecap=\"round\" stroke-linejoin=\"round\" points=\"198.743,-22.257 223.743,-7.256 198.743,7.744 \"\/><circle stroke-linecap=\"round\" stroke-linejoin=\"round\" cx=\"211.243\" cy=\"-7.257\" r=\"108.5\"\/><circle stroke-linecap=\"round\" stroke-linejoin=\"round\" cx=\"211.243\" cy=\"-7.257\" r=\"108.5\"\/><\/svg><\/a>\n<\/sr7-txt>\n\t\t\t\t\t\t<\/sr7-slide>\n\t\t\t\t\t\t<sr7-slide id=\"SR7_1_1-2\" data-key=\"2\">\n\t\t\t\t\t\t\t<sr7-bg id=\"SR7_1_1-2-5\" class=\"sr7-layer\"><noscript><img decoding=\"async\" src=\"https:\/\/www.bostekomasaje.com\/wp-content\/uploads\/2026\/01\/slider2.jpg\" alt=\"\" title=\"slider2\"><\/noscript><\/sr7-bg>\n\t\t\t\t\t\t\t<sr7-txt id=\"SR7_1_1-2-0\" class=\"sr7-layer\">Experiencia en masaje para deportistas y para aliviar las tensiones del d\u00eda a d\u00eda.<\/sr7-txt>\n\t\t\t\t\t\t\t<sr7-txt id=\"SR7_1_1-2-4\" class=\"sr7-layer\" srscsrc><a class=\"qodef-shortcode qodef-m qodef-button qodef-layout--circled qodef-html--link\" href=\"https:\/\/www.bostekomasaje.com\/servicios\/\" target=\"_self\"  >\n\t<span class=\"qodef-m-text\">Servicios<\/span>\n    <svg class=\"qodef-m-video-button-svg\" xmlns=\"http:\/\/www.w3.org\/2000\/svg\" xmlns:xlink=\"http:\/\/www.w3.org\/1999\/xlink\" x=\"0px\" y=\"0px\" viewBox=\"101.834 -116.834 218.75 218.917\" enable-background=\"new 101.834 -116.834 218.75 218.917\" xml:space=\"preserve\"><polygon stroke-linecap=\"round\" stroke-linejoin=\"round\" points=\"198.743,-22.257 223.743,-7.256 198.743,7.744 \"\/><circle stroke-linecap=\"round\" stroke-linejoin=\"round\" cx=\"211.243\" cy=\"-7.257\" r=\"108.5\"\/><circle stroke-linecap=\"round\" stroke-linejoin=\"round\" cx=\"211.243\" cy=\"-7.257\" r=\"108.5\"\/><\/svg><\/a>\n<\/sr7-txt>\n\t\t\t\t\t\t<\/sr7-slide>\n\t\t\t\t\t\t<sr7-slide id=\"SR7_1_1-3\" data-key=\"3\">\n\t\t\t\t\t\t\t<sr7-bg id=\"SR7_1_1-3-5\" class=\"sr7-layer\"><noscript><img decoding=\"async\" src=\"https:\/\/www.bostekomasaje.com\/wp-content\/uploads\/2026\/01\/slider3.jpg\" alt=\"\" title=\"slider3\"><\/noscript><\/sr7-bg>\n\t\t\t\t\t\t\t<sr7-txt id=\"SR7_1_1-3-0\" class=\"sr7-layer\">Masaje y masaje deportivo adaptado a las necesidades de cada persona y cada cuerpo.<\/sr7-txt>\n\t\t\t\t\t\t\t<sr7-txt id=\"SR7_1_1-3-4\" class=\"sr7-layer\" srscsrc><a class=\"qodef-shortcode qodef-m qodef-button qodef-layout--circled qodef-html--link\" href=\"https:\/\/www.bostekomasaje.com\/servicios\/\" target=\"_self\"  >\n\t<span class=\"qodef-m-text\">Servicios<\/span>\n    <svg class=\"qodef-m-video-button-svg\" xmlns=\"http:\/\/www.w3.org\/2000\/svg\" xmlns:xlink=\"http:\/\/www.w3.org\/1999\/xlink\" x=\"0px\" y=\"0px\" viewBox=\"101.834 -116.834 218.75 218.917\" enable-background=\"new 101.834 -116.834 218.75 218.917\" xml:space=\"preserve\"><polygon stroke-linecap=\"round\" stroke-linejoin=\"round\" points=\"198.743,-22.257 223.743,-7.256 198.743,7.744 \"\/><circle stroke-linecap=\"round\" stroke-linejoin=\"round\" cx=\"211.243\" cy=\"-7.257\" r=\"108.5\"\/><circle stroke-linecap=\"round\" stroke-linejoin=\"round\" cx=\"211.243\" cy=\"-7.257\" r=\"108.5\"\/><\/svg><\/a>\n<\/sr7-txt>\n\t\t\t\t\t\t<\/sr7-slide>\n\t\t\t\t\t\t<sr7-slide id=\"SR7_1_1-23\" data-key=\"23\">\n\t\t\t\t\t\t\t<sr7-txt id=\"SR7_1_1-23-3\" class=\"sr7-layer\" srscsrc><div class=\"qodef-align-items-horizontally\"><br \/>\n<span class=\"qodef-shortcode qodef-m qodef-icon-holder qodef-size--default qodef-layout--normal qodef-display--textual\"  >\n\t\t\t<a itemprop=\"url\" href=\"https:\/\/www.facebook.com\/Inakibosteko\/\" target=\"_blank\">\n\t                    <span class=\"qodef-icon-text\">Fb<\/span>\n            <svg class=\"qodef-svg-circle\" ><circle cx=\"50%\" cy=\"50%\" r=\"49%\"><\/circle><\/svg>        \t\t\t<\/a>\n\t<\/span><br \/>\n<br \/>\n<\/div><\/sr7-txt>\n\t\t\t\t\t\t<\/sr7-slide>\n\t\t\t\t\t<\/sr7-content>\n\t\t\t\t\t<image_lists style=\"display:none\">\n\t\t\t\t\t\t<img data-src=\"\/\/www.bostekomasaje.com\/wp-content\/uploads\/2026\/01\/slider1.jpg\" data-libid=\"7391\" data-lib=\"medialibrary\" title=\"slider1\" width=\"0\" height=\"0\" data-dbsrc=\"Ly93d3cuYm9zdGVrb21hc2FqZS5jb20vd3AtY29udGVudC91cGxvYWRzLzIwMjYvMDEvc2xpZGVyMS5qcGc=\"\/>\n\t\t\t\t\t\t<img data-src=\"\/\/www.bostekomasaje.com\/wp-content\/uploads\/2026\/01\/slider2.jpg\" data-libid=\"7392\" data-lib=\"medialibrary\" title=\"slider2\" width=\"0\" height=\"0\" data-dbsrc=\"Ly93d3cuYm9zdGVrb21hc2FqZS5jb20vd3AtY29udGVudC91cGxvYWRzLzIwMjYvMDEvc2xpZGVyMi5qcGc=\"\/>\n\t\t\t\t\t\t<img data-src=\"\/\/www.bostekomasaje.com\/wp-content\/uploads\/2026\/01\/slider3.jpg\" data-libid=\"7393\" data-lib=\"medialibrary\" title=\"slider3\" width=\"0\" height=\"0\" data-dbsrc=\"Ly93d3cuYm9zdGVrb21hc2FqZS5jb20vd3AtY29udGVudC91cGxvYWRzLzIwMjYvMDEvc2xpZGVyMy5qcGc=\"\/>\n\t\t\t\t\t<\/image_lists>\n\t\t\t\t<\/sr7-module>\n\t\t\t\t<script>\n\t\t\t\t\tSR7.PMH ??={}; SR7.PMH[\"SR7_1_1\"] = {cn:100,state:false,fn: function() { if (_tpt!==undefined && _tpt.prepareModuleHeight !== undefined) {  _tpt.prepareModuleHeight({id:\"SR7_1_1\",el:[850,850,500,680,550],type:'standard',shdw:'0',gh:[850,850,500,680,550],gw:[1240,1240,1024,778,480],vpt:['-100px&#039;,&#039;-100px&#039;,&#039;-100px&#039;,&#039;-100px&#039;,&#039;-100px'],size:{fullWidth:true, fullHeight:true},fho:',20%',mh:'0',onh:0,onw:0,bg:{color:'{\"orig\":\"transparent\",\"type\":\"solid\",\"string\":\"transparent\"}'}});   SR7.PMH[\"SR7_1_1\"].state=true;} else if(SR7.PMH[\"SR7_1_1\"].cn-->0)\tsetTimeout( SR7.PMH[\"SR7_1_1\"].fn,19);}};SR7.PMH[\"SR7_1_1\" ].fn();\n\t\t\t\t<\/script>\n<\/div>\n\n\t\t\t\t\t\t<\/div>\n\t\t\t\t\t<\/div>\n\t\t<\/div>\n\t\t\t\t\t<\/div>\n\t\t<\/section>\n\t\t\t\t<section class=\"elementor-section elementor-top-section elementor-element elementor-element-938ffaa elementor-section-full_width elementor-section-height-default elementor-section-height-default qodef-elementor-content-no\" data-id=\"938ffaa\" data-element_type=\"section\">\n\t\t\t\t\t\t<div class=\"elementor-container elementor-column-gap-default\">\n\t\t\t\t\t<div class=\"elementor-column elementor-col-33 elementor-top-column elementor-element elementor-element-3e065bf\" data-id=\"3e065bf\" data-element_type=\"column\">\n\t\t\t<div class=\"elementor-widget-wrap elementor-element-populated\">\n\t\t\t\t\t\t<div class=\"elementor-element elementor-element-67d666a elementor-widget__width-initial elementor-widget elementor-widget-chea_core_image_with_text\" data-id=\"67d666a\" data-element_type=\"widget\" data-widget_type=\"chea_core_image_with_text.default\">\n\t\t\t\t<div class=\"elementor-widget-container\">\n\t\t\t\t\t<div class=\"qodef-shortcode qodef-m qodef-image-with-text qodef-layout--text-below qodef--has-background qodef-text-align--center qodef-hover-animation--no qodef-appear-animation--yes\" data-appearing-delay=\"0\">\n\t\t    <div class=\"qodef-background-image\">\n        <img loading=\"lazy\" decoding=\"async\" width=\"150\" height=\"250\" src=\"https:\/\/www.bostekomasaje.com\/wp-content\/uploads\/2026\/01\/h3-icon-img1.png\" class=\"attachment-full size-full\" alt=\"Bosteko\" \/>    <\/div>\n\t<div class=\"qodef-m-content\" >\n\t\t\t<h4 class=\"qodef-m-title\" style=\"margin-top: 105px\">\n\t\t\t\t\tMASAJE\t\t\t<\/h4>\n\t\t\t<p class=\"qodef-m-text\" >Aplicaci\u00f3n de distintas t\u00e9cnicas manuales orientadas al bienestar corporal, la relajaci\u00f3n y el cuidado f\u00edsico en el d\u00eda a d\u00eda.<\/p>\n\t\t\t<\/div>\n<\/div>\n\t\t\t\t<\/div>\n\t\t\t\t<\/div>\n\t\t\t\t<div class=\"elementor-element elementor-element-de93488 elementor-widget__width-initial elementor-widget-tablet__width-inherit elementor-widget elementor-widget-chea_core_button\" data-id=\"de93488\" data-element_type=\"widget\" data-widget_type=\"chea_core_button.default\">\n\t\t\t\t<div class=\"elementor-widget-container\">\n\t\t\t\t\t<a class=\"qodef-shortcode qodef-m qodef-button qodef-layout--textual qodef-html--link\" href=\"https:\/\/www.bostekomasaje.com\/servicios\/\" target=\"_self\"  >\n\t<span class=\"qodef-m-text\">Ver m\u00e1s<\/span>\n<\/a>\n\t\t\t\t<\/div>\n\t\t\t\t<\/div>\n\t\t\t\t\t<\/div>\n\t\t<\/div>\n\t\t\t\t<div class=\"elementor-column elementor-col-33 elementor-top-column elementor-element elementor-element-ab873ea\" data-id=\"ab873ea\" data-element_type=\"column\">\n\t\t\t<div class=\"elementor-widget-wrap elementor-element-populated\">\n\t\t\t\t\t\t<div class=\"elementor-element elementor-element-0492e99 elementor-widget__width-initial elementor-widget elementor-widget-chea_core_image_with_text\" data-id=\"0492e99\" data-element_type=\"widget\" data-widget_type=\"chea_core_image_with_text.default\">\n\t\t\t\t<div class=\"elementor-widget-container\">\n\t\t\t\t\t<div class=\"qodef-shortcode qodef-m qodef-image-with-text qodef-layout--text-below qodef--has-background qodef-text-align--center qodef-hover-animation--no qodef-appear-animation--yes\" data-appearing-delay=\"160\">\n\t\t    <div class=\"qodef-background-image\">\n        <img loading=\"lazy\" decoding=\"async\" width=\"230\" height=\"250\" src=\"https:\/\/www.bostekomasaje.com\/wp-content\/uploads\/2026\/01\/h3-icon-img2-1.png\" class=\"attachment-full size-full\" alt=\"Bosteko\" \/>    <\/div>\n\t<div class=\"qodef-m-content\" >\n\t\t\t<h4 class=\"qodef-m-title\" style=\"margin-top: 105px\">\n\t\t\t\t\tMASAJE DEPORTIVO\t\t\t<\/h4>\n\t\t\t<p class=\"qodef-m-text\" >Masaje enfocado a personas activas y deportistas, integrado en la preparaci\u00f3n, recuperaci\u00f3n y prevenci\u00f3n dentro de la actividad f\u00edsica.<\/p>\n\t\t\t<\/div>\n<\/div>\n\t\t\t\t<\/div>\n\t\t\t\t<\/div>\n\t\t\t\t<div class=\"elementor-element elementor-element-335f669 elementor-widget__width-initial elementor-widget-tablet__width-inherit elementor-widget elementor-widget-chea_core_button\" data-id=\"335f669\" data-element_type=\"widget\" data-widget_type=\"chea_core_button.default\">\n\t\t\t\t<div class=\"elementor-widget-container\">\n\t\t\t\t\t<a class=\"qodef-shortcode qodef-m qodef-button qodef-layout--textual qodef-html--link\" href=\"https:\/\/www.bostekomasaje.com\/servicios\/\" target=\"_self\"  >\n\t<span class=\"qodef-m-text\">Ver m\u00e1s<\/span>\n<\/a>\n\t\t\t\t<\/div>\n\t\t\t\t<\/div>\n\t\t\t\t\t<\/div>\n\t\t<\/div>\n\t\t\t\t<div class=\"elementor-column elementor-col-33 elementor-top-column elementor-element elementor-element-9f1ac9d\" data-id=\"9f1ac9d\" data-element_type=\"column\">\n\t\t\t<div class=\"elementor-widget-wrap elementor-element-populated\">\n\t\t\t\t\t\t<div class=\"elementor-element elementor-element-9df0dee elementor-widget__width-initial elementor-widget elementor-widget-chea_core_image_with_text\" data-id=\"9df0dee\" data-element_type=\"widget\" data-widget_type=\"chea_core_image_with_text.default\">\n\t\t\t\t<div class=\"elementor-widget-container\">\n\t\t\t\t\t<div class=\"qodef-shortcode qodef-m qodef-image-with-text qodef-layout--text-below qodef--has-background qodef-text-align--center qodef-hover-animation--no qodef-appear-animation--yes\" data-appearing-delay=\"320\">\n\t\t    <div class=\"qodef-background-image\">\n        <img loading=\"lazy\" decoding=\"async\" width=\"150\" height=\"251\" src=\"https:\/\/www.bostekomasaje.com\/wp-content\/uploads\/2026\/01\/h3-icon-img3.png\" class=\"attachment-full size-full\" alt=\"Bosteko\" \/>    <\/div>\n\t<div class=\"qodef-m-content\" >\n\t\t\t<h4 class=\"qodef-m-title\" style=\"margin-top: 105px\">\n\t\t\t\t\tT\u00c9CNICAS COMPLEMENTARIAS\t\t\t<\/h4>\n\t\t\t<p class=\"qodef-m-text\" >Estiramientos, vendajes funcionales y neuromusculares, y trabajo corporal adaptado a las necesidades de cada persona.<\/p>\n\t\t\t<\/div>\n<\/div>\n\t\t\t\t<\/div>\n\t\t\t\t<\/div>\n\t\t\t\t<div class=\"elementor-element elementor-element-c8fbb2d elementor-widget__width-initial elementor-widget-tablet__width-inherit elementor-widget elementor-widget-chea_core_button\" data-id=\"c8fbb2d\" data-element_type=\"widget\" data-widget_type=\"chea_core_button.default\">\n\t\t\t\t<div class=\"elementor-widget-container\">\n\t\t\t\t\t<a class=\"qodef-shortcode qodef-m qodef-button qodef-layout--textual qodef-html--link\" href=\"https:\/\/www.bostekomasaje.com\/servicios\/\" target=\"_self\"  >\n\t<span class=\"qodef-m-text\">Ver m\u00e1s<\/span>\n<\/a>\n\t\t\t\t<\/div>\n\t\t\t\t<\/div>\n\t\t\t\t\t<\/div>\n\t\t<\/div>\n\t\t\t\t\t<\/div>\n\t\t<\/section>\n\t\t\t\t<section class=\"elementor-section elementor-top-section elementor-element elementor-element-592d98f elementor-section-full_width elementor-section-height-default elementor-section-height-default qodef-elementor-content-no\" data-id=\"592d98f\" data-element_type=\"section\">\n\t\t\t\t\t\t<div class=\"elementor-container elementor-column-gap-default\">\n\t\t\t\t\t<div class=\"elementor-column elementor-col-50 elementor-top-column elementor-element elementor-element-ef1d745\" data-id=\"ef1d745\" data-element_type=\"column\">\n\t\t\t<div class=\"elementor-widget-wrap elementor-element-populated\">\n\t\t\t\t\t\t<div class=\"elementor-element elementor-element-29a1098 qodef-custom-zoom-image elementor-widget elementor-widget-image\" data-id=\"29a1098\" data-element_type=\"widget\" data-widget_type=\"image.default\">\n\t\t\t\t\t\t\t\t\t\t\t\t\t\t\t<img loading=\"lazy\" decoding=\"async\" width=\"880\" height=\"746\" src=\"https:\/\/www.bostekomasaje.com\/wp-content\/uploads\/2026\/01\/h3-img1-1.jpg\" class=\"attachment-full size-full wp-image-7623\" alt=\"Bosteko masaje\" srcset=\"https:\/\/www.bostekomasaje.com\/wp-content\/uploads\/2026\/01\/h3-img1-1.jpg 880w, https:\/\/www.bostekomasaje.com\/wp-content\/uploads\/2026\/01\/h3-img1-1-300x254.jpg 300w, https:\/\/www.bostekomasaje.com\/wp-content\/uploads\/2026\/01\/h3-img1-1-768x651.jpg 768w\" sizes=\"(max-width: 880px) 100vw, 880px\" \/>\t\t\t\t\t\t\t\t\t\t\t\t\t\t\t<\/div>\n\t\t\t\t\t<\/div>\n\t\t<\/div>\n\t\t\t\t<div class=\"elementor-column elementor-col-50 elementor-top-column elementor-element elementor-element-805d635\" data-id=\"805d635\" data-element_type=\"column\">\n\t\t\t<div class=\"elementor-widget-wrap elementor-element-populated\">\n\t\t\t\t\t\t<div class=\"elementor-element elementor-element-ebb466b elementor-widget__width-initial elementor-widget elementor-widget-chea_core_section_title\" data-id=\"ebb466b\" data-element_type=\"widget\" data-widget_type=\"chea_core_section_title.default\">\n\t\t\t\t<div class=\"elementor-widget-container\">\n\t\t\t\t\t<div class=\"qodef-shortcode qodef-m qodef-section-title qodef-alignment--left qodef-appear-animation--no\">\n\t\t\t<h2 class=\"qodef-m-title\" >\n\t\t\t\t\tMASAJE <span class=\"qodef-italic-word\">ORIENTADO<\/span> <span class=\"qodef-italic-word\">AL<\/span> <span class=\"qodef-italic-word\">BIENESTAR<\/span> Y AL CUIDADO CORPORAL\t\t\t<\/h2>\n\t\t<p class=\"qodef-m-text\" style=\"font-size: 22px\">Aplicaci\u00f3n de t\u00e9cnicas de masaje adaptadas a cada persona, pensadas para liberar tensiones f\u00edsicas y mejorar la sensaci\u00f3n general del cuerpo.<\/p>\n\t\n            <div class=\"qodef-m-button\">\n            <a class=\"qodef-shortcode qodef-m qodef-button qodef-layout--outlined qodef-html--link\" href=\"https:\/\/www.bostekomasaje.com\/servicios\/\" target=\"_self\"  >    <span class=\"qodef-m-border--top-right\" ><\/span>    <span class=\"qodef-m-border--bottom-left\" ><\/span>    <span class=\"qodef-m-text\">Ver m\u00e1s<\/span><\/a>        <\/div>\n    <\/div>\n\t\t\t\t<\/div>\n\t\t\t\t<\/div>\n\t\t\t\t\t<\/div>\n\t\t<\/div>\n\t\t\t\t\t<\/div>\n\t\t<\/section>\n\t\t\t\t<section class=\"elementor-section elementor-top-section elementor-element elementor-element-87d0728 elementor-section-full_width elementor-section-height-default elementor-section-height-default qodef-elementor-content-no\" data-id=\"87d0728\" data-element_type=\"section\">\n\t\t\t\t\t\t<div class=\"elementor-container elementor-column-gap-default\">\n\t\t\t\t\t<div class=\"elementor-column elementor-col-50 elementor-top-column elementor-element elementor-element-8bdaabb\" data-id=\"8bdaabb\" data-element_type=\"column\">\n\t\t\t<div class=\"elementor-widget-wrap elementor-element-populated\">\n\t\t\t\t\t\t<div class=\"elementor-element elementor-element-f712147 elementor-widget__width-initial elementor-widget elementor-widget-chea_core_section_title\" data-id=\"f712147\" data-element_type=\"widget\" data-widget_type=\"chea_core_section_title.default\">\n\t\t\t\t<div class=\"elementor-widget-container\">\n\t\t\t\t\t<div class=\"qodef-shortcode qodef-m qodef-section-title qodef-alignment--left qodef-appear-animation--no\">\n\t\t\t<h2 class=\"qodef-m-title\" >\n\t\t\t\t\tPREGUNTAS FRECUENTES\t\t\t<\/h2>\n\t\t\n    <\/div>\n\t\t\t\t<\/div>\n\t\t\t\t<\/div>\n\t\t\t\t<div class=\"elementor-element elementor-element-e7354bf elementor-widget elementor-widget-text-editor\" data-id=\"e7354bf\" data-element_type=\"widget\" data-widget_type=\"text-editor.default\">\n\t\t\t\t\t\t\t\t\t<strong>\u00bfQu\u00e9 tipo de servicios ofrece Bostekoa Masaje Zentroa?<\/strong><br>\n\nOfrecemos masaje y masaje deportivo, as\u00ed como t\u00e9cnicas manuales complementarias adaptadas a personas activas, deportistas y a quienes buscan bienestar en su d\u00eda a d\u00eda.<br><br>\n\n<strong>\u00bfEl masaje est\u00e1 dirigido solo a deportistas?<\/strong>\n<br>\nNo. Aunque contamos con amplia experiencia en el \u00e1mbito deportivo, el masaje est\u00e1 dirigido tambi\u00e9n a personas que desean aliviar tensiones f\u00edsicas derivadas de la actividad diaria.<br><br>\n\n<strong>\u00bfEs necesario pedir cita previa?<\/strong><br>\n\nS\u00ed. La atenci\u00f3n se realiza siempre con cita previa para poder ofrecer un trato personalizado y adaptado a cada persona.<br><br>\n\n<strong>\u00bfD\u00f3nde se encuentra el centro de masaje?<\/strong><br>\n\nBostekoa Masaje Zentroa est\u00e1 situado en Lakuntza (Navarra), en la calle Estafeta 16 trasera, con f\u00e1cil acceso desde Sakana y alrededores.<br><br>\t\t\t\t\t\t\t\t<\/div>\n\t\t\t\t\t<\/div>\n\t\t<\/div>\n\t\t\t\t<div class=\"elementor-column elementor-col-50 elementor-top-column elementor-element elementor-element-2ccd055\" data-id=\"2ccd055\" data-element_type=\"column\">\n\t\t\t<div class=\"elementor-widget-wrap elementor-element-populated\">\n\t\t\t\t\t\t<div class=\"elementor-element elementor-element-1a1b096 qodef-custom-zoom-image elementor-widget elementor-widget-image\" data-id=\"1a1b096\" data-element_type=\"widget\" data-widget_type=\"image.default\">\n\t\t\t\t\t\t\t\t\t\t\t\t\t\t\t<img loading=\"lazy\" decoding=\"async\" width=\"1440\" height=\"1920\" src=\"https:\/\/www.bostekomasaje.com\/wp-content\/uploads\/2026\/01\/portadaFaq.jpg\" class=\"attachment-full size-full wp-image-7573\" alt=\"portadaFaq\" srcset=\"https:\/\/www.bostekomasaje.com\/wp-content\/uploads\/2026\/01\/portadaFaq.jpg 1440w, https:\/\/www.bostekomasaje.com\/wp-content\/uploads\/2026\/01\/portadaFaq-600x800.jpg 600w, https:\/\/www.bostekomasaje.com\/wp-content\/uploads\/2026\/01\/portadaFaq-225x300.jpg 225w, https:\/\/www.bostekomasaje.com\/wp-content\/uploads\/2026\/01\/portadaFaq-768x1024.jpg 768w, https:\/\/www.bostekomasaje.com\/wp-content\/uploads\/2026\/01\/portadaFaq-1152x1536.jpg 1152w\" sizes=\"(max-width: 1440px) 100vw, 1440px\" \/>\t\t\t\t\t\t\t\t\t\t\t\t\t\t\t<\/div>\n\t\t\t\t\t<\/div>\n\t\t<\/div>\n\t\t\t\t\t<\/div>\n\t\t<\/section>\n\t\t\t\t<\/div>\n\t\t","protected":false},"excerpt":{"rendered":"<p>MASAJE Aplicaci\u00f3n de distintas t\u00e9cnicas manuales orientadas al bienestar corporal, la relajaci\u00f3n y el cuidado f\u00edsico en el d\u00eda a d\u00eda. Ver m\u00e1s MASAJE DEPORTIVO Masaje enfocado a personas activas y deportistas, integrado en la preparaci\u00f3n, recuperaci\u00f3n y prevenci\u00f3n dentro de la actividad f\u00edsica. Ver m\u00e1s T\u00c9CNICAS COMPLEMENTARIAS Estiramientos, vendajes funcionales y neuromusculares, y trabajo [&hellip;]<\/p>\n","protected":false},"author":1,"featured_media":0,"parent":0,"menu_order":0,"comment_status":"closed","ping_status":"closed","template":"page-full-width.php","meta":{"footnotes":""},"class_list":["post-7569","page","type-page","status-publish","hentry"],"aioseo_notices":[],"_links":{"self":[{"href":"https:\/\/www.bostekomasaje.com\/eu\/wp-json\/wp\/v2\/pages\/7569","targetHints":{"allow":["GET"]}}],"collection":[{"href":"https:\/\/www.bostekomasaje.com\/eu\/wp-json\/wp\/v2\/pages"}],"about":[{"href":"https:\/\/www.bostekomasaje.com\/eu\/wp-json\/wp\/v2\/types\/page"}],"author":[{"embeddable":true,"href":"https:\/\/www.bostekomasaje.com\/eu\/wp-json\/wp\/v2\/users\/1"}],"replies":[{"embeddable":true,"href":"https:\/\/www.bostekomasaje.com\/eu\/wp-json\/wp\/v2\/comments?post=7569"}],"version-history":[{"count":30,"href":"https:\/\/www.bostekomasaje.com\/eu\/wp-json\/wp\/v2\/pages\/7569\/revisions"}],"predecessor-version":[{"id":7690,"href":"https:\/\/www.bostekomasaje.com\/eu\/wp-json\/wp\/v2\/pages\/7569\/revisions\/7690"}],"wp:attachment":[{"href":"https:\/\/www.bostekomasaje.com\/eu\/wp-json\/wp\/v2\/media?parent=7569"}],"curies":[{"name":"wp","href":"https:\/\/api.w.org\/{rel}","templated":true}]}}